{"id":648,"date":"2020-01-21T18:26:14","date_gmt":"2020-01-21T17:26:14","guid":{"rendered":"http:\/\/skj.com.pl\/ueber-die-firma\/"},"modified":"2020-01-21T19:01:02","modified_gmt":"2020-01-21T18:01:02","slug":"ueber-die-firma","status":"publish","type":"page","link":"http:\/\/skj.com.pl\/de\/ueber-die-firma\/","title":{"rendered":"\u00dcber die Firma"},"content":{"rendered":"\t\t<div data-elementor-type=\"wp-post\" data-elementor-id=\"648\" class=\"elementor elementor-648 elementor-371\" data-elementor-post-type=\"page\">\n\t\t\t\t\t\t<section class=\"elementor-section elementor-top-section elementor-element elementor-element-10fd9fb8 elementor-section-stretched elementor-section-content-middle elementor-section-boxed elementor-section-height-default elementor-section-height-default\" data-id=\"10fd9fb8\" data-element_type=\"section\" data-e-type=\"section\" data-settings=\"{&quot;stretch_section&quot;:&quot;section-stretched&quot;,&quot;background_background&quot;:&quot;classic&quot;}\">\n\t\t\t\t\t\t\t<div class=\"elementor-background-overlay\"><\/div>\n\t\t\t\t\t\t\t<div class=\"elementor-container elementor-column-gap-default\">\n\t\t\t\t\t<div class=\"elementor-column elementor-col-100 elementor-top-column elementor-element elementor-element-67e2fa5f\" data-id=\"67e2fa5f\" data-element_type=\"column\" data-e-type=\"column\">\n\t\t\t<div class=\"elementor-widget-wrap elementor-element-populated\">\n\t\t\t\t\t\t<div class=\"elementor-element elementor-element-26417bc elementor-widget elementor-widget-heading\" data-id=\"26417bc\" data-element_type=\"widget\" data-e-type=\"widget\" data-widget_type=\"heading.default\">\n\t\t\t\t<div class=\"elementor-widget-container\">\n\t\t\t\t\t<h2 class=\"elementor-heading-title elementor-size-default\">\u00dcber die Firma<\/h2>\t\t\t\t<\/div>\n\t\t\t\t<\/div>\n\t\t\t\t\t<\/div>\n\t\t<\/div>\n\t\t\t\t\t<\/div>\n\t\t<\/section>\n\t\t\t\t<section class=\"elementor-section elementor-top-section elementor-element elementor-element-3b270642 elementor-section-boxed elementor-section-height-default elementor-section-height-default\" data-id=\"3b270642\" data-element_type=\"section\" data-e-type=\"section\">\n\t\t\t\t\t\t<div class=\"elementor-container elementor-column-gap-default\">\n\t\t\t\t\t<div class=\"elementor-column elementor-col-100 elementor-top-column elementor-element elementor-element-75be35af\" data-id=\"75be35af\" data-element_type=\"column\" data-e-type=\"column\">\n\t\t\t<div class=\"elementor-widget-wrap elementor-element-populated\">\n\t\t\t\t\t\t<div class=\"elementor-element elementor-element-30e36261 elementor-widget elementor-widget-heading\" data-id=\"30e36261\" data-element_type=\"widget\" data-e-type=\"widget\" data-widget_type=\"heading.default\">\n\t\t\t\t<div class=\"elementor-widget-container\">\n\t\t\t\t\t<h2 class=\"elementor-heading-title elementor-size-default\">Erfahren Sie mehr \u00fcber uns<\/h2>\t\t\t\t<\/div>\n\t\t\t\t<\/div>\n\t\t\t\t\t<\/div>\n\t\t<\/div>\n\t\t\t\t\t<\/div>\n\t\t<\/section>\n\t\t\t\t<section class=\"elementor-section elementor-top-section elementor-element elementor-element-25580482 elementor-section-boxed elementor-section-height-default elementor-section-height-default\" data-id=\"25580482\" data-element_type=\"section\" data-e-type=\"section\">\n\t\t\t\t\t\t<div class=\"elementor-container elementor-column-gap-default\">\n\t\t\t\t\t<div class=\"elementor-column elementor-col-16 elementor-top-column elementor-element elementor-element-2abe25d9\" data-id=\"2abe25d9\" data-element_type=\"column\" data-e-type=\"column\">\n\t\t\t<div class=\"elementor-widget-wrap\">\n\t\t\t\t\t\t\t<\/div>\n\t\t<\/div>\n\t\t\t\t<div class=\"elementor-column elementor-col-66 elementor-top-column elementor-element elementor-element-4ab00973\" data-id=\"4ab00973\" data-element_type=\"column\" data-e-type=\"column\">\n\t\t\t<div class=\"elementor-widget-wrap elementor-element-populated\">\n\t\t\t\t\t\t<div class=\"elementor-element elementor-element-53849590 elementor-widget elementor-widget-text-editor\" data-id=\"53849590\" data-element_type=\"widget\" data-e-type=\"widget\" data-widget_type=\"text-editor.default\">\n\t\t\t\t<div class=\"elementor-widget-container\">\n\t\t\t\t\t\t\t\t\t<p>Die Firma SKJ Klima Sp. z o.o. Sie ist seit 2003 in Wroc\u0142aw t\u00e4tig. Zwei Abteilungen wurden in ihrer Struktur getrennt &#8211; die Handelsabteilung und die Konstruktionsabteilung. Seit 2019 arbeitet die Firma SKJ Klima Sp. Z o.o. nur als Entwurfsb\u00fcro.<\/p>\n\t\t\t\t\t\t\t\t<\/div>\n\t\t\t\t<\/div>\n\t\t\t\t<div class=\"elementor-element elementor-element-2f3a22a elementor-widget-divider--view-line elementor-widget elementor-widget-divider\" data-id=\"2f3a22a\" data-element_type=\"widget\" data-e-type=\"widget\" data-widget_type=\"divider.default\">\n\t\t\t\t<div class=\"elementor-widget-container\">\n\t\t\t\t\t\t\t<div class=\"elementor-divider\">\n\t\t\t<span class=\"elementor-divider-separator\">\n\t\t\t\t\t\t<\/span>\n\t\t<\/div>\n\t\t\t\t\t\t<\/div>\n\t\t\t\t<\/div>\n\t\t\t\t\t<\/div>\n\t\t<\/div>\n\t\t\t\t<div class=\"elementor-column elementor-col-16 elementor-top-column elementor-element elementor-element-3ddd3ac\" data-id=\"3ddd3ac\" data-element_type=\"column\" data-e-type=\"column\">\n\t\t\t<div class=\"elementor-widget-wrap\">\n\t\t\t\t\t\t\t<\/div>\n\t\t<\/div>\n\t\t\t\t\t<\/div>\n\t\t<\/section>\n\t\t\t\t<section class=\"elementor-section elementor-top-section elementor-element elementor-element-6a45fa0e elementor-section-boxed elementor-section-height-default elementor-section-height-default\" data-id=\"6a45fa0e\" data-element_type=\"section\" data-e-type=\"section\">\n\t\t\t\t\t\t<div class=\"elementor-container elementor-column-gap-default\">\n\t\t\t\t\t<div class=\"elementor-column elementor-col-50 elementor-top-column elementor-element elementor-element-54ec1614\" data-id=\"54ec1614\" data-element_type=\"column\" data-e-type=\"column\">\n\t\t\t<div class=\"elementor-widget-wrap elementor-element-populated\">\n\t\t\t\t\t\t<div class=\"elementor-element elementor-element-3b75da11 elementor-widget elementor-widget-heading\" data-id=\"3b75da11\" data-element_type=\"widget\" data-e-type=\"widget\" data-widget_type=\"heading.default\">\n\t\t\t\t<div class=\"elementor-widget-container\">\n\t\t\t\t\t<h2 class=\"elementor-heading-title elementor-size-default\">Wir entwerfen L\u00fcftungs-, Klima-, Heizungs-, Sanit\u00e4r- und Industrieanlagen<\/h2>\t\t\t\t<\/div>\n\t\t\t\t<\/div>\n\t\t\t\t<div class=\"elementor-element elementor-element-4cf9b807 elementor-widget elementor-widget-text-editor\" data-id=\"4cf9b807\" data-element_type=\"widget\" data-e-type=\"widget\" data-widget_type=\"text-editor.default\">\n\t\t\t\t<div class=\"elementor-widget-container\">\n\t\t\t\t\t\t\t\t\t<p><span style=\"font-family: Arial, serif;\"><span style=\"font-size: medium;\"><span lang=\"de-DE\">Seit Beginn unserer T\u00e4tigkeit im Entwurfsb\u00fcro haben wir eine Vielzahl von Projekten f\u00fcr Sanit\u00e4r-, L\u00fcftungs- und Klimaanlagen, K\u00fchlwasser und Druckluft sowie spezielle technologische Anlagen f\u00fcr Gewerbe- und Serviceanlagen, Industriehallen, Bildungsgeb\u00e4ude und Mehrfamilienh\u00e4user entwickelt. Wir haben auch viele Landentwicklungsprojekte mit vollst\u00e4ndiger technischer Infrastruktur f\u00fcr Wohnsiedlungen, Industrieparks, Stra\u00dfen- und Stra\u00dfensanierungen vorbereitet.<\/span><\/span><\/span><\/p>\n<p><span style=\"font-family: Arial, serif;\"><span style=\"font-size: medium;\"><span lang=\"de-DE\">Wir besch\u00e4ftigen uns auch mit Entrauchung der Garagen, gro\u00dffl\u00e4chiger Objekte, wir f\u00fchren CFD-Simulationen durch.<\/span><\/span><\/span><\/p>\n<p><span style=\"font-family: Arial, serif;\"><span style=\"font-size: medium;\"><span lang=\"de-DE\">Langj\u00e4hrige Erfahrung, exzellente Kenntnisse des Sanit\u00e4rmarktes erm\u00f6glichen es uns, jeden Kunden individuell anzusprechen. Wir besch\u00e4ftigen Konstrukteure mit Bauberechtigungen und arbeiten permanent mit erfahrenen und gesch\u00e4tzten Fachleuten zusammen, wodurch wir in der Lage sind, jede Aufgabe professionell und fachm\u00e4nnisch auszuf\u00fchren. Wir verwenden spezielle Engineering-Software, um alle unsere Projekte umzusetzen.<\/span><\/span><\/span><\/p>\n<p><span style=\"font-family: Arial, serif;\"><span style=\"font-size: medium;\"><span lang=\"de-DE\">Erw\u00e4hnenswert ist auch, dass wir seit Jahren mit polnischen und ausl\u00e4ndischen Investoren zusammenarbeiten.<\/span><\/span><\/span><\/p>\n<p><span style=\"font-family: Arial, serif;\"><span style=\"font-size: medium;\"><span lang=\"de-DE\">Wir haben die Organisation der Arbeit mit japanischen und europ\u00e4ischen Auftragnehmern kennengelernt. Diese Erfahrung erm\u00f6glichte es uns, die Standards der Dokumentationsentwicklung sowie moderne und optimale technische L\u00f6sungen f\u00fcr polnische und ausl\u00e4ndische Investoren zu erlernen.<\/span><\/span><\/span><\/p>\n<p><span style=\"font-family: Arial, serif;\"><span style=\"font-size: medium;\"><span lang=\"de-DE\">Das Hauptziel unseres Unternehmens ist es, alle Kundenanforderungen und -erwartungen zu erf\u00fcllen. Dies erreichen wir sowohl durch Zuverl\u00e4ssigkeit, Sorgfalt und P\u00fcnktlichkeit bei der Projektumsetzung als auch durch maximale Optimierung der angewandten Designl\u00f6sungen. <\/span><\/span><\/span><\/p>\n<p><span style=\"font-family: Arial, serif;\"><span style=\"font-size: medium;\"><span lang=\"de-DE\">Die Erfahrung und das Vertrauen vieler Kunden, die im Laufe der Jahre gewonnen wurden, haben zu einer Reihe erfolgreich abgeschlossener Designstudien im ganzen Land und dar\u00fcber hinaus gef\u00fchrt.<\/span><\/span><\/span><\/p>\n\t\t\t\t\t\t\t\t<\/div>\n\t\t\t\t<\/div>\n\t\t\t\t\t<\/div>\n\t\t<\/div>\n\t\t\t\t<div class=\"elementor-column elementor-col-50 elementor-top-column elementor-element elementor-element-29fbfea\" data-id=\"29fbfea\" data-element_type=\"column\" data-e-type=\"column\">\n\t\t\t<div class=\"elementor-widget-wrap elementor-element-populated\">\n\t\t\t\t\t\t<div class=\"elementor-element elementor-element-380190f elementor-widget elementor-widget-image\" data-id=\"380190f\" data-element_type=\"widget\" data-e-type=\"widget\" data-widget_type=\"image.default\">\n\t\t\t\t<div class=\"elementor-widget-container\">\n\t\t\t\t\t\t\t\t\t\t\t\t\t\t\t<img decoding=\"async\" src=\"http:\/\/skj.com.pl\/wp-content\/uploads\/elementor\/thumbs\/339810-PA78WZ-470-qm96qjdb17n8faputt50je6itnfyfm2eiyra0376g4.jpg\" title=\"339810-PA78WZ-470\" alt=\"339810-PA78WZ-470\" loading=\"lazy\" \/>\t\t\t\t\t\t\t\t\t\t\t\t\t\t\t<\/div>\n\t\t\t\t<\/div>\n\t\t\t\t\t<\/div>\n\t\t<\/div>\n\t\t\t\t\t<\/div>\n\t\t<\/section>\n\t\t\t\t<\/div>\n\t\t","protected":false},"excerpt":{"rendered":"<p>Erfahren Sie mehr \u00fcber uns Die Firma SKJ Klima Sp. z o.o. Sie ist seit 2003 in Wroc\u0142aw t\u00e4tig. Zwei Abteilungen wurden in ihrer Struktur getrennt &#8211; die Handelsabteilung und die Konstruktionsabteilung. Seit 2019 arbeitet die Firma SKJ Klima Sp. Z o.o. nur als Entwurfsb\u00fcro. Wir entwerfen L\u00fcftungs-, Klima-, Heizungs-, Sanit\u00e4r- und Industrieanlagen Seit Beginn [&hellip;]<\/p>\n","protected":false},"author":1,"featured_media":0,"parent":0,"menu_order":0,"comment_status":"closed","ping_status":"closed","template":"","meta":{"footnotes":""},"class_list":["post-648","page","type-page","status-publish","hentry","entry"],"_links":{"self":[{"href":"http:\/\/skj.com.pl\/de\/wp-json\/wp\/v2\/pages\/648","targetHints":{"allow":["GET"]}}],"collection":[{"href":"http:\/\/skj.com.pl\/de\/wp-json\/wp\/v2\/pages"}],"about":[{"href":"http:\/\/skj.com.pl\/de\/wp-json\/wp\/v2\/types\/page"}],"author":[{"embeddable":true,"href":"http:\/\/skj.com.pl\/de\/wp-json\/wp\/v2\/users\/1"}],"replies":[{"embeddable":true,"href":"http:\/\/skj.com.pl\/de\/wp-json\/wp\/v2\/comments?post=648"}],"version-history":[{"count":3,"href":"http:\/\/skj.com.pl\/de\/wp-json\/wp\/v2\/pages\/648\/revisions"}],"predecessor-version":[{"id":657,"href":"http:\/\/skj.com.pl\/de\/wp-json\/wp\/v2\/pages\/648\/revisions\/657"}],"wp:attachment":[{"href":"http:\/\/skj.com.pl\/de\/wp-json\/wp\/v2\/media?parent=648"}],"curies":[{"name":"wp","href":"https:\/\/api.w.org\/{rel}","templated":true}]}}